{"id":615,"date":"2025-08-11T23:41:35","date_gmt":"2025-08-11T23:41:35","guid":{"rendered":"https:\/\/ledmaskbeauty.de\/?page_id=615"},"modified":"2025-08-11T23:41:35","modified_gmt":"2025-08-11T23:41:35","slug":"om-oss-premium-melee-accent-diamant-leverantor","status":"publish","type":"page","link":"https:\/\/ledmaskbeauty.de\/sv\/om-oss-premium-melee-accent-diamant-leverantor","title":{"rendered":"Om oss - Premiumleverant\u00f6r av melee- och accentdiamanter"},"content":{"rendered":"<!DOCTYPE html>\n<html lang=\"en\">\n<head>\n    <meta charset=\"UTF-8\">\n    <meta name=\"viewport\" content=\"width=device-width, initial-scale=1.0\">\n    <title>Om oss - Premiumleverant\u00f6r av melee- och accentdiamanter<\/title>\n    <script src=\"https:\/\/cdn.tailwindcss.com\"><\/script>\n    <link href=\"https:\/\/fonts.googleapis.com\/css2?family=Inter:wght@400;600;700&#038;display=swap\" rel=\"stylesheet\">\n    <style>\n        body {\n            font-family: 'Inter', sans-serif;\n        }\n        .testimonial-card {\n            transition: transform 0.3s ease, box-shadow 0.3s ease;\n        }\n        .testimonial-card:hover {\n            transform: translateY(-5px);\n            box-shadow: 0 10px 15px -3px rgba(0, 0, 0, 0.1), 0 4px 6px -2px rgba(0, 0, 0, 0.05);\n        }\n        .icon-box {\n            background-color: #f4f4f5; \/* zinc-100 *\/\n            border-radius: 0.5rem;\n            padding: 1.5rem;\n            text-align: center;\n        }\n    <\/style>\n<\/head>\n<body class=\"bg-white text-gray-800\">\n\n    <!-- Hero Section -->\n    <div class=\"relative bg-gray-900\">\n        <div class=\"absolute inset-0\">\n            <img decoding=\"async\" class=\"w-full h-full object-cover\" src=\"https:\/\/images.unsplash.com\/photo-1605379714873-055643758a6a?q=80&#038;w=1920&#038;auto=format&#038;fit=crop\" alt=\"Abstrakt bakgrund som visar glittret av diamanter\" onerror=\"this.onerror=null;this.src='https:\/\/placehold.co\/1920x800\/111827\/ffffff?text=The+Future+of+Brilliance';\">\n            <div class=\"absolute inset-0 bg-gray-900 bg-opacity-50\"><\/div>\n        <\/div>\n        <div class=\"relative max-w-7xl mx-auto py-24 px-4 sm:py-32 sm:px-6 lg:px-8 text-center\">\n            <h1 class=\"text-4xl font-extrabold tracking-tight text-white sm:text-5xl lg:text-6xl\">Framtiden f\u00f6r briljans, arvet fr\u00e5n naturen<\/h1>\n            <p class=\"mt-6 max-w-3xl mx-auto text-xl text-gray-300\">Din fr\u00e4msta grossistleverant\u00f6r av b\u00e5de labbrownade och naturliga melee- och accentdiamanter.<\/p>\n        <\/div>\n    <\/div>\n\n    <div class=\"max-w-7xl mx-auto px-4 sm:px-6 lg:px-8\">\n\n        <!-- Our Dual Expertise Section -->\n        <div class=\"py-16 sm:py-24\">\n            <div class=\"text-center\">\n                <h2 class=\"text-base font-semibold text-indigo-600 tracking-wider uppercase\">V\u00e5r filosofi<\/h2>\n                <p class=\"mt-2 text-3xl font-extrabold text-gray-900 tracking-tight sm:text-4xl\">En ny era av valm\u00f6jligheter<\/p>\n                <p class=\"mt-5 max-w-2xl mx-auto text-xl text-gray-500\">Vi tror p\u00e5 att ge v\u00e5ra partners det ultimata valet utan att kompromissa med kvaliteten. Genom att beh\u00e4rska utbudet av b\u00e5de laboratorieodlade och naturliga diamanter ger vi dig m\u00f6jlighet att uppfylla varje kunds \u00f6nskan, budget och etiska standard.<\/p>\n            <\/div>\n            <div class=\"mt-20 grid grid-cols-1 md:grid-cols-2 gap-12\">\n                <div class=\"bg-gray-50 rounded-xl shadow-lg p-8\">\n                    <img decoding=\"async\" class=\"h-48 w-full object-cover rounded-lg mb-6\" src=\"https:\/\/images.unsplash.com\/photo-1620535948732-51b4a3489a27?q=80&#038;w=600&#038;auto=format&#038;fit=crop\" alt=\"Forskare h\u00e5ller i en labbodlad diamant\" onerror=\"this.onerror=null;this.src='https:\/\/placehold.co\/600x400\/f9fafb\/333333?text=Lab-Grown+Innovation';\">\n                    <h3 class=\"text-2xl font-bold text-gray-900\">Innovationens briljans: Labbodlade diamanter<\/h3>\n                    <p class=\"mt-4 text-gray-600\">V\u00e5ra labbodlade melee-diamanter representerar den moderna teknikens h\u00f6jdpunkt. De \u00e4r kemiskt, fysiskt och optiskt identiska med sina naturliga motsvarigheter. Vi erbjuder dem som ett bevis p\u00e5 framsteg - de ger exceptionellt v\u00e4rde, garanterat ursprung och ett h\u00e5llbart val f\u00f6r den medvetna konsumenten.<\/p>\n                <\/div>\n                <div class=\"bg-gray-50 rounded-xl shadow-lg p-8\">\n                    <img decoding=\"async\" class=\"h-48 w-full object-cover rounded-lg mb-6\" src=\"https:\/\/images.unsplash.com\/photo-1616593433303-1748b83f4891?q=80&#038;w=600&#038;auto=format&#038;fit=crop\" alt=\"R\u00e5a naturdiamanter i en gruvarbetares hand\" onerror=\"this.onerror=null;this.src='https:\/\/placehold.co\/600x400\/f9fafb\/333333?text=Natural+Legacy';\">\n                    <h3 class=\"text-2xl font-bold text-gray-900\">Arvet fr\u00e5n naturen: naturliga diamanter<\/h3>\n                    <p class=\"mt-4 text-gray-600\">F\u00f6r den som v\u00e4rdes\u00e4tter tidl\u00f6s s\u00e4llsynthet \u00e4r v\u00e5ra naturliga diamanter det perfekta valet. Varje sten \u00e4r ett naturens mirakel som har skapats under miljarder \u00e5r. Vi \u00e4r engagerade i etiska ink\u00f6p och f\u00f6ljer Kimberleyprocessen strikt f\u00f6r att s\u00e4kerst\u00e4lla att varje naturdiamant vi levererar \u00e4r konfliktfri och b\u00e4r p\u00e5 ett arv av best\u00e5ende sk\u00f6nhet.<\/p>\n                <\/div>\n            <\/div>\n        <\/div>\n\n        -\n\n        <!-- Our Commitment Section -->\n        <div class=\"py-16 sm:py-24\">\n            <div class=\"text-center mb-16\">\n                 <h2 class=\"text-3xl font-extrabold text-gray-900 tracking-tight sm:text-4xl\">V\u00e5rt \u00e5tagande f\u00f6r o\u00f6vertr\u00e4ffad kvalitet<\/h2>\n                 <p class=\"mt-5 max-w-2xl mx-auto text-xl text-gray-500\">F\u00f6r b\u00e5de laboratorieodlad och naturlig melee bygger v\u00e5rt l\u00f6fte p\u00e5 fyra pelare av excellens.<\/p>\n            <\/div>\n            <div class=\"grid grid-cols-1 sm:grid-cols-2 lg:grid-cols-4 gap-8\">\n                <div class=\"icon-box\">\n                    <div class=\"flex items-center justify-center h-12 w-12 rounded-md bg-indigo-500 text-white mx-auto mb-4\">\n                        <svg class=\"w-6 h-6\" fill=\"none\" stroke=\"currentColor\" viewbox=\"0 0 24 24\"><path stroke-linecap=\"round\" stroke-linejoin=\"round\" stroke-width=\"2\" d=\"M19 11H5m14 0a2 2 0 012 2v6a2 2 0 01-2 2H5a2 2 0 01-2-2v-6a2 2 0 012-2m14 0V9a2 2 0 00-2-2M5 11V9a2 2 0 012-2m0 0V5a2 2 0 012-2h6a2 2 0 012 2v2M7 7h10\"><\/path><\/svg>\n                    <\/div>\n                    <h3 class=\"text-lg font-semibold mb-2\">Absolut konsekvens<\/h3>\n                    <p class=\"text-gray-600\">Vi garanterar enhetlighet i f\u00e4rg, klarhet och sk\u00e4rning p\u00e5 varje paket, s\u00e5 att din f\u00e4rdiga produkt f\u00e5r ett s\u00f6ml\u00f6st och harmoniskt utseende.<\/p>\n                <\/div>\n                <div class=\"icon-box\">\n                    <div class=\"flex items-center justify-center h-12 w-12 rounded-md bg-indigo-500 text-white mx-auto mb-4\">\n                        <svg class=\"w-6 h-6\" fill=\"none\" stroke=\"currentColor\" viewbox=\"0 0 24 24\"><path stroke-linecap=\"round\" stroke-linejoin=\"round\" stroke-width=\"2\" d=\"M3 6l3 1m0 0l-3 9a5.002 5.002 0 006.001 0M6 7l3 9M6 7l6-2m6 2l3-1m-3 1l-3 9a5.002 5.002 0 006.001 0M18 7l3 9m-3-9l-6-2m0-2v2m0 16V5m0 16H9m3 0h3\"><\/path><\/svg>\n                    <\/div>\n                    <h3 class=\"text-lg font-semibold mb-2\">Precisionskalibrering<\/h3>\n                    <p class=\"text-gray-600\">V\u00e5r melee \u00e4r kalibrerad enligt de str\u00e4ngaste toleranserna (inom 0,05 mm), vilket sparar v\u00e4rdefull tid f\u00f6r dina s\u00e4ttare och garanterar en perfekt passform f\u00f6r varje design.<\/p>\n                <\/div>\n                <div class=\"icon-box\">\n                    <div class=\"flex items-center justify-center h-12 w-12 rounded-md bg-indigo-500 text-white mx-auto mb-4\">\n                       <svg class=\"w-6 h-6\" fill=\"none\" stroke=\"currentColor\" viewbox=\"0 0 24 24\"><path stroke-linecap=\"round\" stroke-linejoin=\"round\" stroke-width=\"2\" d=\"M9 12l2 2 4-4m5.618-4.016A11.955 11.955 0 0112 2.944a11.955 11.955 0 01-8.618 3.04A12.02 12.02 0 003 9c0 5.591 3.824 10.29 9 11.622 5.176-1.332 9-6.03 9-11.622 0-1.042-.133-2.052-.382-3.016z\"><\/path><\/svg>\n                    <\/div>\n                    <h3 class=\"text-lg font-semibold mb-2\">Etisk transparens<\/h3>\n                    <p class=\"text-gray-600\">Vi erbjuder fullst\u00e4ndig transparens i v\u00e5r leveranskedja, fr\u00e5n certifierade konfliktfria naturdiamanter till avancerade, verifierbara laboratorieodlade stenar.<\/p>\n                <\/div>\n                <div class=\"icon-box\">\n                    <div class=\"flex items-center justify-center h-12 w-12 rounded-md bg-indigo-500 text-white mx-auto mb-4\">\n                        <svg class=\"w-6 h-6\" fill=\"none\" stroke=\"currentColor\" viewbox=\"0 0 24 24\"><path stroke-linecap=\"round\" stroke-linejoin=\"round\" stroke-width=\"2\" d=\"M19 9l-7 7-7-7\"><\/path><\/svg>\n                    <\/div>\n                    <h3 class=\"text-lg font-semibold mb-2\">O\u00f6vertr\u00e4ffade valm\u00f6jligheter<\/h3>\n                    <p class=\"text-gray-600\">Genom att erbjuda ett komplett spektrum av n\u00e4rkampsalternativ ger vi dig den ultimata flexibiliteten att tillgodose alla marknadssegment, designstilar och prispunkter.<\/p>\n                <\/div>\n            <\/div>\n        <\/div>\n\n        -\n        \n        <!-- Testimonials Section -->\n        <div class=\"bg-indigo-700 rounded-xl shadow-lg py-16 px-4 sm:px-6 lg:px-8 my-16\">\n            <h2 class=\"text-3xl font-bold text-center text-white mb-12\">Betrodda av industriledare \u00f6ver hela v\u00e4rlden<\/h2>\n            <div class=\"grid grid-cols-1 sm:grid-cols-2 lg:grid-cols-3 gap-8\">\n                <div class=\"testimonial-card bg-white p-6 rounded-lg shadow-lg\">\n                    <p class=\"text-gray-600 mb-4\">\u00abDeras labbodlade melee \u00e4r en game-changer. Kvaliteten \u00e4r om\u00f6jlig att skilja och v\u00e4rdet \u00e4r oslagbart, vilket g\u00f6r att vi kan lansera en mycket framg\u00e5ngsrik milj\u00f6medveten kollektion\u00bb.\u00bb<\/p>\n                    <p class=\"font-bold text-right\">- Ava Chen, designer, Los Angeles<\/p>\n                <\/div>\n                <div class=\"testimonial-card bg-white p-6 rounded-lg shadow-lg\">\n                    <p class=\"text-gray-600 mb-4\">\u00abVi f\u00f6rlitar oss uteslutande p\u00e5 dem f\u00f6r v\u00e5ra etiskt anskaffade naturliga accentdiamanter. Paketen \u00e4r alltid konsekventa och deras efterlevnad av Kimberleyprocessen ger oss sinnesfrid.\u00bb<\/p>\n                    <p class=\"font-bold text-right\">- David Levy, tillverkare, Antwerpen<\/p>\n                <\/div>\n                <div class=\"testimonial-card bg-white p-6 rounded-lg shadow-lg\">\n                    <p class=\"text-gray-600 mb-4\">\u00abAtt ha en enda leverant\u00f6r f\u00f6r b\u00e5de labb och naturlig melee har effektiviserat v\u00e5r produktion enormt. Kalibreringen \u00e4r alltid perfekt, vilket sparar oss timmar i arbete.\u00bb<\/p>\n                    <p class=\"font-bold text-right\">- Priya Sharma, produktionschef, Jaipur<\/p>\n                <\/div>\n            <\/div>\n        <\/div>\n\n        <!-- FAQ Section -->\n        <div class=\"bg-gray-50 rounded-xl shadow-lg p-8 md:p-12 mb-16\">\n            <h2 class=\"text-3xl font-bold text-center text-gray-900 mb-12\">Vanliga fr\u00e5gor och svar<\/h2>\n            <div class=\"space-y-6 max-w-4xl mx-auto\">\n                <details class=\"group p-4 rounded-lg bg-white border cursor-pointer\">\n                    <summary class=\"flex items-center justify-between font-semibold text-gray-800\">\n                        Vad \u00e4r kvalitetsskillnaden mellan din labbodlade och naturliga melee?\n                        <svg class=\"w-5 h-5 transform group-open:rotate-180 transition-transform\" fill=\"none\" stroke=\"currentColor\" viewbox=\"0 0 24 24\"><path stroke-linecap=\"round\" stroke-linejoin=\"round\" stroke-width=\"2\" d=\"M19 9l-7 7-7-7\"><\/path><\/svg>\n                    <\/summary>\n                    <p class=\"mt-3 text-gray-600\">\n                        Optiskt och kemiskt \u00e4r det ingen skillnad. B\u00e5de v\u00e5ra laboratorieodlade och naturliga diamanter \u00e4r \u00e4kta diamanter. Vi sorterar och graderar b\u00e5da typerna enligt samma h\u00f6ga standard (t.ex. DEF-f\u00e4rg, VS klarhet). De fr\u00e4msta skillnaderna \u00e4r deras ursprung, s\u00e4llsynthet och prisniv\u00e5.\n                    <\/p>\n                <\/details>\n                <details class=\"group p-4 rounded-lg bg-white border cursor-pointer\">\n                    <summary class=\"flex items-center justify-between font-semibold text-gray-800\">\n                        Hur kontrollerar du att dina naturliga diamanter \u00e4r konfliktfria?\n                        <svg class=\"w-5 h-5 transform group-open:rotate-180 transition-transform\" fill=\"none\" stroke=\"currentColor\" viewbox=\"0 0 24 24\"><path stroke-linecap=\"round\" stroke-linejoin=\"round\" stroke-width=\"2\" d=\"M19 9l-7 7-7-7\"><\/path><\/svg>\n                    <\/summary>\n                    <p class=\"mt-3 text-gray-600\">\n                        Vi \u00e4r helt engagerade i etiska ink\u00f6p. Alla v\u00e5ra naturdiamanter k\u00f6ps fr\u00e5n legitima k\u00e4llor som \u00e4r certifierade att f\u00f6lja Kimberleyprocessens certifieringssystem (KPCS), vilket f\u00f6rhindrar att konfliktdiamanter kommer in i den legitima handeln.\n                    <\/p>\n                <\/details>\n                <details class=\"group p-4 rounded-lg bg-white border cursor-pointer\">\n                    <summary class=\"flex items-center justify-between font-semibold text-gray-800\">\n                        Tillhandah\u00e5ller du certifiering f\u00f6r melee-diamanter?\n                        <svg class=\"w-5 h-5 transform group-open:rotate-180 transition-transform\" fill=\"none\" stroke=\"currentColor\" viewbox=\"0 0 24 24\"><path stroke-linecap=\"round\" stroke-linejoin=\"round\" stroke-width=\"2\" d=\"M19 9l-7 7-7-7\"><\/path><\/svg>\n                    <\/summary>\n                    <p class=\"mt-3 text-gray-600\">\n                        P\u00e5 grund av sin ringa storlek \u00e5tf\u00f6ljs enskilda melee-diamanter vanligtvis inte av klassificeringsrapporter fr\u00e5n laboratorier som GIA. Vi st\u00e5r dock fast vid v\u00e5r interna gradering och garanterar att varje paket uppfyller de specifikationer (t.ex. f\u00e4rg, klarhetsintervall) som \u00f6verenskommits vid k\u00f6ptillf\u00e4llet.\n                    <\/p>\n                <\/details>\n                 <details class=\"group p-4 rounded-lg bg-white border cursor-pointer\">\n                    <summary class=\"flex items-center justify-between font-semibold text-gray-800\">\n                        Hur g\u00e5r ni tillv\u00e4ga f\u00f6r att s\u00e4kerst\u00e4lla exakt kalibrering?\n                        <svg class=\"w-5 h-5 transform group-open:rotate-180 transition-transform\" fill=\"none\" stroke=\"currentColor\" viewbox=\"0 0 24 24\"><path stroke-linecap=\"round\" stroke-linejoin=\"round\" stroke-width=\"2\" d=\"M19 9l-7 7-7-7\"><\/path><\/svg>\n                    <\/summary>\n                    <p class=\"mt-3 text-gray-600\">\n                        Vi anv\u00e4nder avancerad, automatiserad sorteringsteknik i kombination med m\u00e4nsklig experttillsyn. Varje diamant m\u00e4ts och sorteras i mycket specifika storleksintervall, ofta inom en tolerans p\u00e5 0,05 millimeter. Detta s\u00e4kerst\u00e4ller att de stenar du f\u00e5r \u00e4r perfekt matchade f\u00f6r s\u00f6ml\u00f6s infattning i pav\u00e9-, kanal- eller halo-design.\n                    <\/p>\n                <\/details>\n            <\/div>\n        <\/div>\n\n    <\/div>\n\n    <!-- Footer CTA -->\n    <footer class=\"bg-gray-800\">\n        <div class=\"max-w-7xl mx-auto py-12 px-4 sm:px-6 lg:py-16 lg:px-8 text-center\">\n            <h2 class=\"text-3xl font-extrabold tracking-tight text-white sm:text-4xl\">\n                <span class=\"block\">Samarbeta med en leverant\u00f6r som kan erbjuda allt.<\/span>\n                <span class=\"block text-indigo-400 mt-2\">Kvalitet. Valfrihet. Integritet.<\/span>\n            <\/h2>\n            <div class=\"mt-8 flex justify-center\">\n                <div class=\"inline-flex rounded-md shadow\">\n                    <a href=\"#\" class=\"inline-flex items-center justify-center px-6 py-3 border border-transparent text-base font-medium rounded-md text-white bg-indigo-600 hover:bg-indigo-700\">\n                        Beg\u00e4r grossistpriser\n                    <\/a>\n                <\/div>\n            <\/div>\n        <\/div>\n    <\/footer>\n\n<\/body>\n<\/html>","protected":false},"excerpt":{"rendered":"<p>About Us &#8211; Premium Melee &#038; Accent Diamond Supplier The Future of Brilliance, The Legacy of Nature Your premier wholesale supplier for both Lab-Grown and Natural melee and accent diamonds. Our Philosophy A New Era of Choice We believe in providing our partners with the ultimate choice without compromising on quality. By mastering the supply [&hellip;]<\/p>","protected":false},"author":1,"featured_media":0,"parent":0,"menu_order":0,"comment_status":"closed","ping_status":"closed","template":"","meta":{"_et_pb_use_builder":"","_et_pb_old_content":"","_et_gb_content_width":"","footnotes":""},"class_list":["post-615","page","type-page","status-publish","hentry"],"yoast_head":"<!-- This site is optimized with the Yoast SEO plugin v26.6 - https:\/\/yoast.com\/wordpress\/plugins\/seo\/ -->\n<title>About Us - Premium Melee &amp; Accent Diamond Supplier - Red Light Therapy Supplier: Panels, Large Devices, Wearables &amp; Portable Handhelds<\/title>\n<meta name=\"robots\" content=\"index, follow, max-snippet:-1, max-image-preview:large, max-video-preview:-1\" \/>\n<link rel=\"canonical\" href=\"https:\/\/ledmaskbeauty.de\/sv\/om-oss-premium-melee-accent-diamant-leverantor\" \/>\n<meta property=\"og:locale\" content=\"sv_SE\" \/>\n<meta property=\"og:type\" content=\"article\" \/>\n<meta property=\"og:title\" content=\"About Us - Premium Melee &amp; Accent Diamond Supplier - Red Light Therapy Supplier: Panels, Large Devices, Wearables &amp; Portable Handhelds\" \/>\n<meta property=\"og:description\" content=\"About Us &#8211; Premium Melee &#038; Accent Diamond Supplier The Future of Brilliance, The Legacy of Nature Your premier wholesale supplier for both Lab-Grown and Natural melee and accent diamonds. Our Philosophy A New Era of Choice We believe in providing our partners with the ultimate choice without compromising on quality. By mastering the supply [&hellip;]\" \/>\n<meta property=\"og:url\" content=\"https:\/\/ledmaskbeauty.de\/sv\/om-oss-premium-melee-accent-diamant-leverantor\" \/>\n<meta property=\"og:site_name\" content=\"Red Light Therapy Supplier: Panels, Large Devices, Wearables &amp; Portable Handhelds\" \/>\n<meta property=\"og:image\" content=\"https:\/\/images.unsplash.com\/photo-1605379714873-055643758a6a?q=80&w=1920&auto=format&fit=crop\" \/>\n<meta name=\"twitter:card\" content=\"summary_large_image\" \/>\n<meta name=\"twitter:label1\" content=\"Ber\u00e4knad l\u00e4stid\" \/>\n\t<meta name=\"twitter:data1\" content=\"3 minuter\" \/>\n<script type=\"application\/ld+json\" class=\"yoast-schema-graph\">{\"@context\":\"https:\/\/schema.org\",\"@graph\":[{\"@type\":\"WebPage\",\"@id\":\"https:\/\/ledmaskbeauty.de\/about-us-premium-melee-accent-diamond-supplier\",\"url\":\"https:\/\/ledmaskbeauty.de\/about-us-premium-melee-accent-diamond-supplier\",\"name\":\"About Us - Premium Melee &amp; Accent Diamond Supplier - Red Light Therapy Supplier: Panels, Large Devices, Wearables &amp; Portable Handhelds\",\"isPartOf\":{\"@id\":\"https:\/\/ledmaskbeauty.de\/#website\"},\"primaryImageOfPage\":{\"@id\":\"https:\/\/ledmaskbeauty.de\/about-us-premium-melee-accent-diamond-supplier#primaryimage\"},\"image\":{\"@id\":\"https:\/\/ledmaskbeauty.de\/about-us-premium-melee-accent-diamond-supplier#primaryimage\"},\"thumbnailUrl\":\"https:\/\/images.unsplash.com\/photo-1605379714873-055643758a6a?q=80&w=1920&auto=format&fit=crop\",\"datePublished\":\"2025-08-11T23:41:35+00:00\",\"breadcrumb\":{\"@id\":\"https:\/\/ledmaskbeauty.de\/about-us-premium-melee-accent-diamond-supplier#breadcrumb\"},\"inLanguage\":\"sv-SE\",\"potentialAction\":[{\"@type\":\"ReadAction\",\"target\":[\"https:\/\/ledmaskbeauty.de\/about-us-premium-melee-accent-diamond-supplier\"]}]},{\"@type\":\"ImageObject\",\"inLanguage\":\"sv-SE\",\"@id\":\"https:\/\/ledmaskbeauty.de\/about-us-premium-melee-accent-diamond-supplier#primaryimage\",\"url\":\"https:\/\/images.unsplash.com\/photo-1605379714873-055643758a6a?q=80&w=1920&auto=format&fit=crop\",\"contentUrl\":\"https:\/\/images.unsplash.com\/photo-1605379714873-055643758a6a?q=80&w=1920&auto=format&fit=crop\"},{\"@type\":\"BreadcrumbList\",\"@id\":\"https:\/\/ledmaskbeauty.de\/about-us-premium-melee-accent-diamond-supplier#breadcrumb\",\"itemListElement\":[{\"@type\":\"ListItem\",\"position\":1,\"name\":\"Home\",\"item\":\"https:\/\/ledmaskbeauty.de\/\"},{\"@type\":\"ListItem\",\"position\":2,\"name\":\"About Us &#8211; Premium Melee &amp; Accent Diamond Supplier\"}]},{\"@type\":\"WebSite\",\"@id\":\"https:\/\/ledmaskbeauty.de\/#website\",\"url\":\"https:\/\/ledmaskbeauty.de\/\",\"name\":\"Red Light Therapy Supplier: Panels, Large Devices, Wearables &amp; Portable Handhelds\",\"description\":\"\",\"potentialAction\":[{\"@type\":\"SearchAction\",\"target\":{\"@type\":\"EntryPoint\",\"urlTemplate\":\"https:\/\/ledmaskbeauty.de\/?s={search_term_string}\"},\"query-input\":{\"@type\":\"PropertyValueSpecification\",\"valueRequired\":true,\"valueName\":\"search_term_string\"}}],\"inLanguage\":\"sv-SE\"}]}<\/script>\n<!-- \/ Yoast SEO plugin. -->","yoast_head_json":{"title":"About Us - Premium Melee &amp; Accent Diamond Supplier - Red Light Therapy Supplier: Panels, Large Devices, Wearables &amp; Portable Handhelds","robots":{"index":"index","follow":"follow","max-snippet":"max-snippet:-1","max-image-preview":"max-image-preview:large","max-video-preview":"max-video-preview:-1"},"canonical":"https:\/\/ledmaskbeauty.de\/sv\/om-oss-premium-melee-accent-diamant-leverantor","og_locale":"sv_SE","og_type":"article","og_title":"About Us - Premium Melee &amp; Accent Diamond Supplier - Red Light Therapy Supplier: Panels, Large Devices, Wearables &amp; Portable Handhelds","og_description":"About Us &#8211; Premium Melee &#038; Accent Diamond Supplier The Future of Brilliance, The Legacy of Nature Your premier wholesale supplier for both Lab-Grown and Natural melee and accent diamonds. Our Philosophy A New Era of Choice We believe in providing our partners with the ultimate choice without compromising on quality. By mastering the supply [&hellip;]","og_url":"https:\/\/ledmaskbeauty.de\/sv\/om-oss-premium-melee-accent-diamant-leverantor","og_site_name":"Red Light Therapy Supplier: Panels, Large Devices, Wearables &amp; Portable Handhelds","og_image":[{"url":"https:\/\/images.unsplash.com\/photo-1605379714873-055643758a6a?q=80&w=1920&auto=format&fit=crop","type":"","width":"","height":""}],"twitter_card":"summary_large_image","twitter_misc":{"Ber\u00e4knad l\u00e4stid":"3 minuter"},"schema":{"@context":"https:\/\/schema.org","@graph":[{"@type":"WebPage","@id":"https:\/\/ledmaskbeauty.de\/about-us-premium-melee-accent-diamond-supplier","url":"https:\/\/ledmaskbeauty.de\/about-us-premium-melee-accent-diamond-supplier","name":"About Us - Premium Melee &amp; Accent Diamond Supplier - Red Light Therapy Supplier: Panels, Large Devices, Wearables &amp; Portable Handhelds","isPartOf":{"@id":"https:\/\/ledmaskbeauty.de\/#website"},"primaryImageOfPage":{"@id":"https:\/\/ledmaskbeauty.de\/about-us-premium-melee-accent-diamond-supplier#primaryimage"},"image":{"@id":"https:\/\/ledmaskbeauty.de\/about-us-premium-melee-accent-diamond-supplier#primaryimage"},"thumbnailUrl":"https:\/\/images.unsplash.com\/photo-1605379714873-055643758a6a?q=80&w=1920&auto=format&fit=crop","datePublished":"2025-08-11T23:41:35+00:00","breadcrumb":{"@id":"https:\/\/ledmaskbeauty.de\/about-us-premium-melee-accent-diamond-supplier#breadcrumb"},"inLanguage":"sv-SE","potentialAction":[{"@type":"ReadAction","target":["https:\/\/ledmaskbeauty.de\/about-us-premium-melee-accent-diamond-supplier"]}]},{"@type":"ImageObject","inLanguage":"sv-SE","@id":"https:\/\/ledmaskbeauty.de\/about-us-premium-melee-accent-diamond-supplier#primaryimage","url":"https:\/\/images.unsplash.com\/photo-1605379714873-055643758a6a?q=80&w=1920&auto=format&fit=crop","contentUrl":"https:\/\/images.unsplash.com\/photo-1605379714873-055643758a6a?q=80&w=1920&auto=format&fit=crop"},{"@type":"BreadcrumbList","@id":"https:\/\/ledmaskbeauty.de\/about-us-premium-melee-accent-diamond-supplier#breadcrumb","itemListElement":[{"@type":"ListItem","position":1,"name":"Home","item":"https:\/\/ledmaskbeauty.de\/"},{"@type":"ListItem","position":2,"name":"About Us &#8211; Premium Melee &amp; Accent Diamond Supplier"}]},{"@type":"WebSite","@id":"https:\/\/ledmaskbeauty.de\/#website","url":"https:\/\/ledmaskbeauty.de\/","name":"Red Light Therapy Supplier: Panels, Large Devices, Wearables &amp; Portable Handhelds","description":"","potentialAction":[{"@type":"SearchAction","target":{"@type":"EntryPoint","urlTemplate":"https:\/\/ledmaskbeauty.de\/?s={search_term_string}"},"query-input":{"@type":"PropertyValueSpecification","valueRequired":true,"valueName":"search_term_string"}}],"inLanguage":"sv-SE"}]}},"_links":{"self":[{"href":"https:\/\/ledmaskbeauty.de\/sv\/wp-json\/wp\/v2\/pages\/615","targetHints":{"allow":["GET"]}}],"collection":[{"href":"https:\/\/ledmaskbeauty.de\/sv\/wp-json\/wp\/v2\/pages"}],"about":[{"href":"https:\/\/ledmaskbeauty.de\/sv\/wp-json\/wp\/v2\/types\/page"}],"author":[{"embeddable":true,"href":"https:\/\/ledmaskbeauty.de\/sv\/wp-json\/wp\/v2\/users\/1"}],"replies":[{"embeddable":true,"href":"https:\/\/ledmaskbeauty.de\/sv\/wp-json\/wp\/v2\/comments?post=615"}],"version-history":[{"count":1,"href":"https:\/\/ledmaskbeauty.de\/sv\/wp-json\/wp\/v2\/pages\/615\/revisions"}],"predecessor-version":[{"id":616,"href":"https:\/\/ledmaskbeauty.de\/sv\/wp-json\/wp\/v2\/pages\/615\/revisions\/616"}],"wp:attachment":[{"href":"https:\/\/ledmaskbeauty.de\/sv\/wp-json\/wp\/v2\/media?parent=615"}],"curies":[{"name":"wp","href":"https:\/\/api.w.org\/{rel}","templated":true}]}}